{"id":31028,"date":"2026-02-13T12:27:56","date_gmt":"2026-02-13T12:27:56","guid":{"rendered":"https:\/\/fleursradermecker.devsdms.be\/?page_id=31028"},"modified":"2026-02-13T14:13:17","modified_gmt":"2026-02-13T14:13:17","slug":"conditions-generales-de-vente","status":"publish","type":"page","link":"https:\/\/shop.funekerf.be\/en\/conditions-generales-de-vente\/","title":{"rendered":"CONDITIONS GENERALES DE VENTE"},"content":{"rendered":"\t\t<div data-elementor-type=\"wp-page\" data-elementor-id=\"31028\" class=\"elementor elementor-31028\">\n\t\t\t\t<div class=\"elementor-element elementor-element-fe10f22 e-flex e-con-boxed e-con e-parent\" data-id=\"fe10f22\" data-element_type=\"container\" data-e-type=\"container\">\n\t\t\t\t\t<div class=\"e-con-inner\">\n\t\t\t\t<div class=\"elementor-element elementor-element-9f9855e elementor-widget elementor-widget-heading\" data-id=\"9f9855e\" data-element_type=\"widget\" data-e-type=\"widget\" data-widget_type=\"heading.default\">\n\t\t\t\t\t<h2 class=\"elementor-heading-title elementor-size-default\">A1. Objet et Identification <\/h2>\t\t\t\t<\/div>\n\t\t\t\t<div class=\"elementor-element elementor-element-a27c671 elementor-widget elementor-widget-heading\" data-id=\"a27c671\" data-element_type=\"widget\" data-e-type=\"widget\" data-widget_type=\"heading.default\">\n\t\t\t\t\t<span class=\"elementor-heading-title elementor-size-default\">Les pr\u00e9sentes CGV r\u00e9gissent les ventes entre la SRL Radermecker-Spronck (BE0448590059) et toute personne physique ou morale effectuant un achat sur le site www.funerader.be <\/span>\t\t\t\t<\/div>\n\t\t\t\t<div class=\"elementor-element elementor-element-3e1ca8e elementor-widget elementor-widget-heading\" data-id=\"3e1ca8e\" data-element_type=\"widget\" data-e-type=\"widget\" data-widget_type=\"heading.default\">\n\t\t\t\t\t<h3 class=\"elementor-heading-title elementor-size-default\">A2. Produits et Photographies <\/h3>\t\t\t\t<\/div>\n\t\t\t\t<div class=\"elementor-element elementor-element-13ee77e elementor-widget elementor-widget-heading\" data-id=\"13ee77e\" data-element_type=\"widget\" data-e-type=\"widget\" data-widget_type=\"heading.default\">\n\t\t\t\t\t<span class=\"elementor-heading-title elementor-size-default\">Nature des produits : Les fleurs sont des produits vivants. Les bouquets\/montages\/chevalet\/compositions diverses sont des cr\u00e9ations artisanales. <\/span>\t\t\t\t<\/div>\n\t\t\t\t<div class=\"elementor-element elementor-element-825c72f elementor-widget elementor-widget-heading\" data-id=\"825c72f\" data-element_type=\"widget\" data-e-type=\"widget\" data-widget_type=\"heading.default\">\n\t\t\t\t\t<span class=\"elementor-heading-title elementor-size-default\">Rendu visuel : Les photos sont illustratives. Selon la saisonnalit\u00e9 et les arrivages, certaines vari\u00e9t\u00e9s peuvent \u00eatre remplac\u00e9es par d'autres de valeur \u00e9quivalente pour garantir la fra\u00eecheur. <\/span>\t\t\t\t<\/div>\n\t\t\t\t<div class=\"elementor-element elementor-element-90f27e0 elementor-widget elementor-widget-heading\" data-id=\"90f27e0\" data-element_type=\"widget\" data-e-type=\"widget\" data-widget_type=\"heading.default\">\n\t\t\t\t\t<h3 class=\"elementor-heading-title elementor-size-default\">A3. Commande et Prix <\/h3>\t\t\t\t<\/div>\n\t\t\t\t<div class=\"elementor-element elementor-element-2c795d4 elementor-widget elementor-widget-heading\" data-id=\"2c795d4\" data-element_type=\"widget\" data-e-type=\"widget\" data-widget_type=\"heading.default\">\n\t\t\t\t\t<span class=\"elementor-heading-title elementor-size-default\">Les prix sont indiqu\u00e9s en Euros, toutes taxes comprises (TTC), hors frais de livraison.\n\nLa commande est ferme d\u00e8s la validation du paiement. <\/span>\t\t\t\t<\/div>\n\t\t\t\t<div class=\"elementor-element elementor-element-c020677 elementor-widget elementor-widget-heading\" data-id=\"c020677\" data-element_type=\"widget\" data-e-type=\"widget\" data-widget_type=\"heading.default\">\n\t\t\t\t\t<h3 class=\"elementor-heading-title elementor-size-default\">A4. Livraison <\/h3>\t\t\t\t<\/div>\n\t\t\t\t<div class=\"elementor-element elementor-element-7a11371 elementor-widget elementor-widget-heading\" data-id=\"7a11371\" data-element_type=\"widget\" data-e-type=\"widget\" data-widget_type=\"heading.default\">\n\t\t\t\t\t<span class=\"elementor-heading-title elementor-size-default\">Exactitude des donn\u00e9es : Le client est responsable des informations fournies (adresse, code d'entr\u00e9e, t\u00e9l\u00e9phone du destinataire).\n\nAbsence du destinataire : En cas d'absence, le livreur pourra laisser un avis de passage ou d\u00e9poser le colis devant la porte\/chez un voisin si les conditions le permettent. S'agissant de produits p\u00e9rissables, aucune seconde livraison gratuite n'est garantie. <\/span>\t\t\t\t<\/div>\n\t\t\t\t<div class=\"elementor-element elementor-element-b823c02 elementor-widget elementor-widget-heading\" data-id=\"b823c02\" data-element_type=\"widget\" data-e-type=\"widget\" data-widget_type=\"heading.default\">\n\t\t\t\t\t<span class=\"elementor-heading-title elementor-size-default\">Zones de livraison : livraison dans la r\u00e9gion vervi\u00e9toise, gratuite dans nos fun\u00e9rariums.\n\nFrais de livraison variables selon les kilom\u00e8tres \u00e0 parcourir partout ailleurs. <\/span>\t\t\t\t<\/div>\n\t\t\t\t<div class=\"elementor-element elementor-element-26cab75 elementor-widget elementor-widget-heading\" data-id=\"26cab75\" data-element_type=\"widget\" data-e-type=\"widget\" data-widget_type=\"heading.default\">\n\t\t\t\t\t<h3 class=\"elementor-heading-title elementor-size-default\">A5. Droit de R\u00e9tractation (Exception L\u00e9gale) <\/h3>\t\t\t\t<\/div>\n\t\t\t\t<div class=\"elementor-element elementor-element-2251e32 elementor-widget elementor-widget-heading\" data-id=\"2251e32\" data-element_type=\"widget\" data-e-type=\"widget\" data-widget_type=\"heading.default\">\n\t\t\t\t\t<span class=\"elementor-heading-title elementor-size-default\">Conform\u00e9ment \u00e0 l'article L221-28 du Code de la consommation :\n\nLe droit de r\u00e9tractation de 14 jours ne s'applique pas aux produits frais (fleurs coup\u00e9es, plantes en pot fragiles) qui, par leur nature, se d\u00e9t\u00e9riorent ou se p\u00e9riment rapidement. <\/span>\t\t\t\t<\/div>\n\t\t\t\t<div class=\"elementor-element elementor-element-4d9f354 elementor-widget elementor-widget-heading\" data-id=\"4d9f354\" data-element_type=\"widget\" data-e-type=\"widget\" data-widget_type=\"heading.default\">\n\t\t\t\t\t<span class=\"elementor-heading-title elementor-size-default\">Pour les articles non p\u00e9rissables (vases, accessoires), le client dispose de 14 jours pour retourner le produit \u00e0 ses frais. <\/span>\t\t\t\t<\/div>\n\t\t\t\t<div class=\"elementor-element elementor-element-4d0c3e1 elementor-widget elementor-widget-heading\" data-id=\"4d0c3e1\" data-element_type=\"widget\" data-e-type=\"widget\" data-widget_type=\"heading.default\">\n\t\t\t\t\t<h3 class=\"elementor-heading-title elementor-size-default\">A6. Garanties et R\u00e9clamations <\/h3>\t\t\t\t<\/div>\n\t\t\t\t<div class=\"elementor-element elementor-element-e8dd6a2 elementor-widget elementor-widget-heading\" data-id=\"e8dd6a2\" data-element_type=\"widget\" data-e-type=\"widget\" data-widget_type=\"heading.default\">\n\t\t\t\t\t<span class=\"elementor-heading-title elementor-size-default\">Toute r\u00e9clamation concernant la fra\u00eecheur doit \u00eatre formul\u00e9e dans les 24 heures suivant la r\u00e9ception, accompagn\u00e9e d'une photo du produit. <\/span>\t\t\t\t<\/div>\n\t\t\t\t<div class=\"elementor-element elementor-element-4fafde1 elementor-widget elementor-widget-heading\" data-id=\"4fafde1\" data-element_type=\"widget\" data-e-type=\"widget\" data-widget_type=\"heading.default\">\n\t\t\t\t\t<span class=\"elementor-heading-title elementor-size-default\">Nous nous engageons \u00e0 trouver une solution amiable (remplacement ou avoir) si la qualit\u00e9 est manifestement insuffisante \u00e0 la livraison.\n\nArticle B. PROTECTION DES DONNEES PERSONNELLES (RGPD) <\/span>\t\t\t\t<\/div>\n\t\t\t\t<div class=\"elementor-element elementor-element-20ced41 elementor-widget elementor-widget-heading\" data-id=\"20ced41\" data-element_type=\"widget\" data-e-type=\"widget\" data-widget_type=\"heading.default\">\n\t\t\t\t\t<h2 class=\"elementor-heading-title elementor-size-default\">Article B. PROTECTION DES DONNEES PERSONNELLES (RGPD) <\/h2>\t\t\t\t<\/div>\n\t\t\t\t<div class=\"elementor-element elementor-element-db5721b elementor-widget elementor-widget-heading\" data-id=\"db5721b\" data-element_type=\"widget\" data-e-type=\"widget\" data-widget_type=\"heading.default\">\n\t\t\t\t\t<h3 class=\"elementor-heading-title elementor-size-default\">B1. Responsable du traitement :<\/h3>\t\t\t\t<\/div>\n\t\t\t\t<div class=\"elementor-element elementor-element-b64e93e elementor-widget elementor-widget-heading\" data-id=\"b64e93e\" data-element_type=\"widget\" data-e-type=\"widget\" data-widget_type=\"heading.default\">\n\t\t\t\t\t<span class=\"elementor-heading-title elementor-size-default\"> Les donn\u00e9es collect\u00e9es sont trait\u00e9es par la SRL Radermecker-Spronck <\/span>\t\t\t\t<\/div>\n\t\t\t\t<div class=\"elementor-element elementor-element-67c69b7 elementor-widget elementor-widget-heading\" data-id=\"67c69b7\" data-element_type=\"widget\" data-e-type=\"widget\" data-widget_type=\"heading.default\">\n\t\t\t\t\t<h3 class=\"elementor-heading-title elementor-size-default\">B2. Finalit\u00e9s :<\/h3>\t\t\t\t<\/div>\n\t\t\t\t<div class=\"elementor-element elementor-element-a9e2ac8 elementor-widget elementor-widget-heading\" data-id=\"a9e2ac8\" data-element_type=\"widget\" data-e-type=\"widget\" data-widget_type=\"heading.default\">\n\t\t\t\t\t<span class=\"elementor-heading-title elementor-size-default\"> Les donn\u00e9es de l'Acheteur sont n\u00e9cessaires \u00e0 la gestion de la commande, \u00e0 la facturation et \u00e0 la prospection commerciale (si le client l'accepte). Les donn\u00e9es du Destinataire (Nom, adresse, t\u00e9l\u00e9phone) sont collect\u00e9es par l'Acheteur sous sa responsabilit\u00e9 et ne sont utilis\u00e9es par le Vendeur qu'aux fins uniques de livraison du produit. <\/span>\t\t\t\t<\/div>\n\t\t\t\t<div class=\"elementor-element elementor-element-acbc7de elementor-widget elementor-widget-heading\" data-id=\"acbc7de\" data-element_type=\"widget\" data-e-type=\"widget\" data-widget_type=\"heading.default\">\n\t\t\t\t\t<h3 class=\"elementor-heading-title elementor-size-default\">B3. Conservation :<\/h3>\t\t\t\t<\/div>\n\t\t\t\t<div class=\"elementor-element elementor-element-c3837ad elementor-widget elementor-widget-heading\" data-id=\"c3837ad\" data-element_type=\"widget\" data-e-type=\"widget\" data-widget_type=\"heading.default\">\n\t\t\t\t\t<span class=\"elementor-heading-title elementor-size-default\"> Les donn\u00e9es relatives \u00e0 la livraison du destinataire sont supprim\u00e9es apr\u00e8s un d\u00e9lai de 6 mois (except\u00e9 en cas de litige o\u00f9 les donn\u00e9es peuvent \u00eatre conserv\u00e9es plus longtemps). <\/span>\t\t\t\t<\/div>\n\t\t\t\t<div class=\"elementor-element elementor-element-b946d46 elementor-widget elementor-widget-heading\" data-id=\"b946d46\" data-element_type=\"widget\" data-e-type=\"widget\" data-widget_type=\"heading.default\">\n\t\t\t\t\t<span class=\"elementor-heading-title elementor-size-default\">Les donn\u00e9es de l'acheteur sont conserv\u00e9es selon les dur\u00e9es l\u00e9gales de conservation des factures (10 ans). <\/span>\t\t\t\t<\/div>\n\t\t\t\t<div class=\"elementor-element elementor-element-64792e9 elementor-widget elementor-widget-heading\" data-id=\"64792e9\" data-element_type=\"widget\" data-e-type=\"widget\" data-widget_type=\"heading.default\">\n\t\t\t\t\t<h3 class=\"elementor-heading-title elementor-size-default\">B4. Droits :<\/h3>\t\t\t\t<\/div>\n\t\t\t\t<div class=\"elementor-element elementor-element-dd849d7 elementor-widget elementor-widget-heading\" data-id=\"dd849d7\" data-element_type=\"widget\" data-e-type=\"widget\" data-widget_type=\"heading.default\">\n\t\t\t\t\t<span class=\"elementor-heading-title elementor-size-default\"> Conform\u00e9ment au RGPD, l'Acheteur et le Destinataire disposent d'un droit d'acc\u00e8s, de rectification et de suppression de leurs donn\u00e9es. Ces droits peuvent \u00eatre exerc\u00e9s par mail \u00e0 : info@funerader.be <\/span>\t\t\t\t<\/div>\n\t\t\t\t<div class=\"elementor-element elementor-element-8494ae1 elementor-widget elementor-widget-heading\" data-id=\"8494ae1\" data-element_type=\"widget\" data-e-type=\"widget\" data-widget_type=\"heading.default\">\n\t\t\t\t\t<h2 class=\"elementor-heading-title elementor-size-default\">Article C. CARTES DE CONDOLEANCES\/V\u0152UX ET CONTENU DES MESSAGES <\/h2>\t\t\t\t<\/div>\n\t\t\t\t<div class=\"elementor-element elementor-element-62addd9 elementor-widget elementor-widget-heading\" data-id=\"62addd9\" data-element_type=\"widget\" data-e-type=\"widget\" data-widget_type=\"heading.default\">\n\t\t\t\t\t<h3 class=\"elementor-heading-title elementor-size-default\">C1. Responsabilit\u00e9 :<\/h3>\t\t\t\t<\/div>\n\t\t\t\t<div class=\"elementor-element elementor-element-196c3d3 elementor-widget elementor-widget-heading\" data-id=\"196c3d3\" data-element_type=\"widget\" data-e-type=\"widget\" data-widget_type=\"heading.default\">\n\t\t\t\t\t<span class=\"elementor-heading-title elementor-size-default\"> Le Client est seul responsable du contenu du message \u00e9crit qui accompagne sa commande. <\/span>\t\t\t\t<\/div>\n\t\t\t\t<div class=\"elementor-element elementor-element-724c19e elementor-widget elementor-widget-heading\" data-id=\"724c19e\" data-element_type=\"widget\" data-e-type=\"widget\" data-widget_type=\"heading.default\">\n\t\t\t\t\t<h3 class=\"elementor-heading-title elementor-size-default\">C2. Mod\u00e9ration et Refus :<\/h3>\t\t\t\t<\/div>\n\t\t\t\t<div class=\"elementor-element elementor-element-7e0ce1b elementor-widget elementor-widget-heading\" data-id=\"7e0ce1b\" data-element_type=\"widget\" data-e-type=\"widget\" data-widget_type=\"heading.default\">\n\t\t\t\t\t<span class=\"elementor-heading-title elementor-size-default\"> la SRL Radermecker-Spronck se r\u00e9serve le droit de refuser l'impression et la transmission de tout message pr\u00e9sentant un caract\u00e8re : <\/span>\t\t\t\t<\/div>\n\t\t\t\t<div class=\"elementor-element elementor-element-cc4c356 elementor-widget elementor-widget-heading\" data-id=\"cc4c356\" data-element_type=\"widget\" data-e-type=\"widget\" data-widget_type=\"heading.default\">\n\t\t\t\t\t<span class=\"elementor-heading-title elementor-size-default\">- Injurieux, haineux, raciste ou discriminatoire. <br><br>\n\n- Mena\u00e7ant ou constitutif de harc\u00e8lement. <br><\/br>\n\n- Contraire \u00e0 la d\u00e9cence et aux bonnes m\u0153urs. <\/span>\t\t\t\t<\/div>\n\t\t\t\t<div class=\"elementor-element elementor-element-804af52 elementor-widget elementor-widget-heading\" data-id=\"804af52\" data-element_type=\"widget\" data-e-type=\"widget\" data-widget_type=\"heading.default\">\n\t\t\t\t\t<h3 class=\"elementor-heading-title elementor-size-default\">C3. Cons\u00e9quences :<\/h3>\t\t\t\t<\/div>\n\t\t\t\t<div class=\"elementor-element elementor-element-2fec7f8 elementor-widget elementor-widget-heading\" data-id=\"2fec7f8\" data-element_type=\"widget\" data-e-type=\"widget\" data-widget_type=\"heading.default\">\n\t\t\t\t\t<span class=\"elementor-heading-title elementor-size-default\"> En cas de refus de transmission d'un message illicite, la commande de fleurs sera tout de m\u00eame honor\u00e9e sans le message, ou pourra \u00eatre annul\u00e9e \u00e0 la discr\u00e9tion du Vendeur. Le Vendeur ne pourra \u00eatre tenu responsable des cons\u00e9quences de ce message vis-\u00e0-vis du destinataire ou de tiers. <\/span>\t\t\t\t<\/div>\n\t\t\t\t<div class=\"elementor-element elementor-element-7657987 elementor-widget elementor-widget-heading\" data-id=\"7657987\" data-element_type=\"widget\" data-e-type=\"widget\" data-widget_type=\"heading.default\">\n\t\t\t\t\t<h2 class=\"elementor-heading-title elementor-size-default\">Article D. DELAIS DE LIVRAISON ET RESPONSABILITES <\/h2>\t\t\t\t<\/div>\n\t\t\t\t<div class=\"elementor-element elementor-element-276d86b elementor-widget elementor-widget-heading\" data-id=\"276d86b\" data-element_type=\"widget\" data-e-type=\"widget\" data-widget_type=\"heading.default\">\n\t\t\t\t\t<h3 class=\"elementor-heading-title elementor-size-default\">D1. Engagement de d\u00e9lai :<\/h3>\t\t\t\t<\/div>\n\t\t\t\t<div class=\"elementor-element elementor-element-38f546a elementor-widget elementor-widget-heading\" data-id=\"38f546a\" data-element_type=\"widget\" data-e-type=\"widget\" data-widget_type=\"heading.default\">\n\t\t\t\t\t<span class=\"elementor-heading-title elementor-size-default\"> Le Vendeur s'engage \u00e0 livrer la commande \u00e0 la date choisie par le Client lors de la validation. Les cr\u00e9neaux horaires (ex: \"matin\" ou \"apr\u00e8s-midi\") sont fournis \u00e0 titre indicatif et ne constituent pas une garantie contractuelle d'heure fixe, sauf option sp\u00e9cifique souscrite par le Client. <\/span>\t\t\t\t<\/div>\n\t\t\t\t<div class=\"elementor-element elementor-element-5cf9b14 elementor-widget elementor-widget-heading\" data-id=\"5cf9b14\" data-element_type=\"widget\" data-e-type=\"widget\" data-widget_type=\"heading.default\">\n\t\t\t\t\t<h3 class=\"elementor-heading-title elementor-size-default\">D2. Cas de force majeure :<\/h3>\t\t\t\t<\/div>\n\t\t\t\t<div class=\"elementor-element elementor-element-25669bd elementor-widget elementor-widget-heading\" data-id=\"25669bd\" data-element_type=\"widget\" data-e-type=\"widget\" data-widget_type=\"heading.default\">\n\t\t\t\t\t<span class=\"elementor-heading-title elementor-size-default\"> La responsabilit\u00e9 du Vendeur ne pourra \u00eatre engag\u00e9e en cas de retard ou d'impossibilit\u00e9 de livraison dus \u00e0 des \u00e9v\u00e9nements impr\u00e9visibles et ext\u00e9rieurs (intemp\u00e9ries exceptionnelles, gr\u00e8ves des transports, accidents de circulation majeurs, \u00e9meutes). <\/span>\t\t\t\t<\/div>\n\t\t\t\t<div class=\"elementor-element elementor-element-45be728 elementor-widget elementor-widget-heading\" data-id=\"45be728\" data-element_type=\"widget\" data-e-type=\"widget\" data-widget_type=\"heading.default\">\n\t\t\t\t\t<h3 class=\"elementor-heading-title elementor-size-default\">D3. Retards imputables au Vendeur :<\/h3>\t\t\t\t<\/div>\n\t\t\t\t<div class=\"elementor-element elementor-element-64bf83f elementor-widget elementor-widget-heading\" data-id=\"64bf83f\" data-element_type=\"widget\" data-e-type=\"widget\" data-widget_type=\"heading.default\">\n\t\t\t\t\t<span class=\"elementor-heading-title elementor-size-default\"> En cas de retard de livraison non justifi\u00e9 par une erreur d'adresse du Client ou un cas de force majeure, le Client peut demander la r\u00e9solution de la vente si la livraison n'a pas eu lieu dans un d\u00e9lai raisonnable apr\u00e8s sa r\u00e9clamation. <\/span>\t\t\t\t<\/div>\n\t\t\t\t<div class=\"elementor-element elementor-element-bb9905e elementor-widget elementor-widget-heading\" data-id=\"bb9905e\" data-element_type=\"widget\" data-e-type=\"widget\" data-widget_type=\"heading.default\">\n\t\t\t\t\t<span class=\"elementor-heading-title elementor-size-default\">Produits p\u00e9rissables : Pour les fleurs coup\u00e9es, si le retard exc\u00e8de 24 heures par rapport \u00e0 la date pr\u00e9vue et rend le produit inutile pour l'\u00e9v\u00e9nement mentionn\u00e9, le Client pourra obtenir le remboursement int\u00e9gral de sa commande. <\/span>\t\t\t\t<\/div>\n\t\t\t\t<div class=\"elementor-element elementor-element-7fc9dad elementor-widget elementor-widget-heading\" data-id=\"7fc9dad\" data-element_type=\"widget\" data-e-type=\"widget\" data-widget_type=\"heading.default\">\n\t\t\t\t\t<h3 class=\"elementor-heading-title elementor-size-default\">D4. Responsabilit\u00e9 du Client :<\/h3>\t\t\t\t<\/div>\n\t\t\t\t<div class=\"elementor-element elementor-element-1e60022 elementor-widget elementor-widget-heading\" data-id=\"1e60022\" data-element_type=\"widget\" data-e-type=\"widget\" data-widget_type=\"heading.default\">\n\t\t\t\t\t<span class=\"elementor-heading-title elementor-size-default\"> Aucun remboursement ne sera accord\u00e9 si le retard ou la non-livraison est d\u00fb \u00e0 : <\/span>\t\t\t\t<\/div>\n\t\t\t\t<div class=\"elementor-element elementor-element-9898a92 elementor-widget elementor-widget-heading\" data-id=\"9898a92\" data-element_type=\"widget\" data-e-type=\"widget\" data-widget_type=\"heading.default\">\n\t\t\t\t\t<span class=\"elementor-heading-title elementor-size-default\">- Une erreur dans le libell\u00e9 de l'adresse ou du num\u00e9ro de t\u00e9l\u00e9phone.  <br><br>\n\n- L'impossibilit\u00e9 d'acc\u00e9der au domicile (code d'entr\u00e9e non fourni, interphone d\u00e9fectueux).  <br><\/br>\n\n- L'absence du destinataire au moment du passage du livreur.  <\/span>\t\t\t\t<\/div>\n\t\t\t\t<div class=\"elementor-element elementor-element-41ef382 elementor-widget elementor-widget-heading\" data-id=\"41ef382\" data-element_type=\"widget\" data-e-type=\"widget\" data-widget_type=\"heading.default\">\n\t\t\t\t\t<h2 class=\"elementor-heading-title elementor-size-default\">Article E. UTILISATION DES COOKIES ET TRACEURS <\/h2>\t\t\t\t<\/div>\n\t\t\t\t<div class=\"elementor-element elementor-element-6e4a8a7 elementor-widget elementor-widget-heading\" data-id=\"6e4a8a7\" data-element_type=\"widget\" data-e-type=\"widget\" data-widget_type=\"heading.default\">\n\t\t\t\t\t<span class=\"elementor-heading-title elementor-size-default\">Lors de votre navigation sur notre site de vente florale, des informations sont susceptibles d'\u00eatre enregistr\u00e9es dans des fichiers \"Cookies\" install\u00e9s sur votre terminal. <\/span>\t\t\t\t<\/div>\n\t\t\t\t<div class=\"elementor-element elementor-element-85e7411 elementor-widget elementor-widget-heading\" data-id=\"85e7411\" data-element_type=\"widget\" data-e-type=\"widget\" data-widget_type=\"heading.default\">\n\t\t\t\t\t<span class=\"elementor-heading-title elementor-size-default\">Pourquoi utilisons-nous des cookies ? <\/span>\t\t\t\t<\/div>\n\t\t\t\t<div class=\"elementor-element elementor-element-cbedef4 elementor-widget elementor-widget-heading\" data-id=\"cbedef4\" data-element_type=\"widget\" data-e-type=\"widget\" data-widget_type=\"heading.default\">\n\t\t\t\t\t<span class=\"elementor-heading-title elementor-size-default\">Cookies techniques (Essentiels) : Indispensables pour m\u00e9moriser votre panier d'achat, vous identifier sur votre compte client et s\u00e9curiser vos paiements. Ils ne peuvent pas \u00eatre d\u00e9sactiv\u00e9s. <\/span>\t\t\t\t<\/div>\n\t\t\t\t<div class=\"elementor-element elementor-element-3217617 elementor-widget elementor-widget-heading\" data-id=\"3217617\" data-element_type=\"widget\" data-e-type=\"widget\" data-widget_type=\"heading.default\">\n\t\t\t\t\t<span class=\"elementor-heading-title elementor-size-default\">Cookies de mesure d'audience : Ils nous permettent de comprendre comment vous naviguez parmi nos bouquets afin d'optimiser l'ergonomie du site. <\/span>\t\t\t\t<\/div>\n\t\t\t\t<div class=\"elementor-element elementor-element-b1097d3 elementor-widget elementor-widget-heading\" data-id=\"b1097d3\" data-element_type=\"widget\" data-e-type=\"widget\" data-widget_type=\"heading.default\">\n\t\t\t\t\t<span class=\"elementor-heading-title elementor-size-default\">Cookies marketing et r\u00e9seaux sociaux : Utilis\u00e9s pour vous pr\u00e9senter des offres personnalis\u00e9es ou vous permettre de partager vos coups de c\u0153ur floraux sur les r\u00e9seaux sociaux. <\/span>\t\t\t\t<\/div>\n\t\t\t\t<div class=\"elementor-element elementor-element-555200e elementor-widget elementor-widget-heading\" data-id=\"555200e\" data-element_type=\"widget\" data-e-type=\"widget\" data-widget_type=\"heading.default\">\n\t\t\t\t\t<span class=\"elementor-heading-title elementor-size-default\">Gestion de vos pr\u00e9f\u00e9rences : <\/span>\t\t\t\t<\/div>\n\t\t\t\t<div class=\"elementor-element elementor-element-123eaa6 elementor-widget elementor-widget-heading\" data-id=\"123eaa6\" data-element_type=\"widget\" data-e-type=\"widget\" data-widget_type=\"heading.default\">\n\t\t\t\t\t<span class=\"elementor-heading-title elementor-size-default\">Vous pouvez modifier vos choix \u00e0 tout moment via l'onglet \"Gestion des cookies\" situ\u00e9 en bas de page. Conform\u00e9ment \u00e0 la r\u00e9glementation, les cookies de personnalisation et de mesure d'audience ne sont d\u00e9pos\u00e9s qu'avec votre consentement explicite. La dur\u00e9e de conservation de ces cookies n'exc\u00e8de pas 13 mois. <\/span>\t\t\t\t<\/div>\n\t\t\t\t\t<\/div>\n\t\t\t\t<\/div>\n\t\t\t\t<\/div>\n\t\t","protected":false},"excerpt":{"rendered":"<p>A1. Objet et Identification Les pr\u00e9sentes CGV r\u00e9gissent les ventes entre la SRL Radermecker-Spronck (BE0448590059) et toute personne physique ou morale effectuant un achat sur le site www.funerader.be A2. Produits et Photographies Nature des produits : Les fleurs sont des produits vivants. Les bouquets\/montages\/chevalet\/compositions diverses sont des cr\u00e9ations artisanales. Rendu visuel : Les photos sont [&hellip;]<\/p>\n","protected":false},"author":1,"featured_media":0,"parent":0,"menu_order":0,"comment_status":"closed","ping_status":"closed","template":"","meta":{"_acf_changed":false,"footnotes":""},"class_list":["post-31028","page","type-page","status-publish","hentry"],"acf":[],"_links":{"self":[{"href":"https:\/\/shop.funekerf.be\/en\/wp-json\/wp\/v2\/pages\/31028","targetHints":{"allow":["GET"]}}],"collection":[{"href":"https:\/\/shop.funekerf.be\/en\/wp-json\/wp\/v2\/pages"}],"about":[{"href":"https:\/\/shop.funekerf.be\/en\/wp-json\/wp\/v2\/types\/page"}],"author":[{"embeddable":true,"href":"https:\/\/shop.funekerf.be\/en\/wp-json\/wp\/v2\/users\/1"}],"replies":[{"embeddable":true,"href":"https:\/\/shop.funekerf.be\/en\/wp-json\/wp\/v2\/comments?post=31028"}],"version-history":[{"count":31,"href":"https:\/\/shop.funekerf.be\/en\/wp-json\/wp\/v2\/pages\/31028\/revisions"}],"predecessor-version":[{"id":31059,"href":"https:\/\/shop.funekerf.be\/en\/wp-json\/wp\/v2\/pages\/31028\/revisions\/31059"}],"wp:attachment":[{"href":"https:\/\/shop.funekerf.be\/en\/wp-json\/wp\/v2\/media?parent=31028"}],"curies":[{"name":"wp","href":"https:\/\/api.w.org\/{rel}","templated":true}]}}